{"id":3285,"date":"2022-10-01T22:47:09","date_gmt":"2022-10-01T22:47:09","guid":{"rendered":"https:\/\/dev.hadronlink.com\/blog\/"},"modified":"2025-10-19T17:05:56","modified_gmt":"2025-10-19T17:05:56","slug":"blog","status":"publish","type":"page","link":"https:\/\/www.hadronlink.com\/fr\/blog\/","title":{"rendered":"Blog"},"content":{"rendered":"\t\t<div data-elementor-type=\"wp-page\" data-elementor-id=\"3285\" class=\"elementor elementor-3285 elementor-352\" data-elementor-post-type=\"page\">\n\t\t\t\t\t\t<section class=\"elementor-section elementor-top-section elementor-element elementor-element-1365d73 elementor-section-boxed elementor-section-height-default elementor-section-height-default\" data-id=\"1365d73\" data-element_type=\"section\" data-e-type=\"section\">\n\t\t\t\t\t\t<div class=\"elementor-container elementor-column-gap-default\">\n\t\t\t\t\t<div class=\"elementor-column elementor-col-100 elementor-top-column elementor-element elementor-element-453a788\" data-id=\"453a788\" data-element_type=\"column\" data-e-type=\"column\">\n\t\t\t<div class=\"elementor-widget-wrap elementor-element-populated\">\n\t\t\t\t\t\t<div class=\"elementor-element elementor-element-b94854e elementor-widget elementor-widget-heading\" data-id=\"b94854e\" data-element_type=\"widget\" data-e-type=\"widget\" data-widget_type=\"heading.default\">\n\t\t\t\t<div class=\"elementor-widget-container\">\n\t\t\t\t\t<h2 class=\"elementor-heading-title elementor-size-default\">Blog Hadronlink<\/h2>\t\t\t\t<\/div>\n\t\t\t\t<\/div>\n\t\t\t\t\t<\/div>\n\t\t<\/div>\n\t\t\t\t\t<\/div>\n\t\t<\/section>\n\t\t\t\t<section class=\"elementor-section elementor-top-section elementor-element elementor-element-ce38a2d elementor-section-boxed elementor-section-height-default elementor-section-height-default\" data-id=\"ce38a2d\" data-element_type=\"section\" data-e-type=\"section\">\n\t\t\t\t\t\t<div class=\"elementor-container elementor-column-gap-default\">\n\t\t\t\t\t<div class=\"elementor-column elementor-col-100 elementor-top-column elementor-element elementor-element-30a3df9\" data-id=\"30a3df9\" data-element_type=\"column\" data-e-type=\"column\">\n\t\t\t<div class=\"elementor-widget-wrap elementor-element-populated\">\n\t\t\t\t\t\t<div class=\"elementor-element elementor-element-c0c40b4 elementor-posts__hover-none elementor-grid-4 elementor-grid-tablet-2 elementor-grid-mobile-1 elementor-posts--thumbnail-top elementor-widget elementor-widget-posts\" data-id=\"c0c40b4\" data-element_type=\"widget\" data-e-type=\"widget\" data-settings=\"{&quot;cards_columns&quot;:&quot;4&quot;,&quot;cards_columns_tablet&quot;:&quot;2&quot;,&quot;cards_columns_mobile&quot;:&quot;1&quot;,&quot;cards_row_gap&quot;:{&quot;unit&quot;:&quot;px&quot;,&quot;size&quot;:35,&quot;sizes&quot;:[]},&quot;cards_row_gap_tablet&quot;:{&quot;unit&quot;:&quot;px&quot;,&quot;size&quot;:&quot;&quot;,&quot;sizes&quot;:[]},&quot;cards_row_gap_mobile&quot;:{&quot;unit&quot;:&quot;px&quot;,&quot;size&quot;:&quot;&quot;,&quot;sizes&quot;:[]}}\" data-widget_type=\"posts.cards\">\n\t\t\t\t<div class=\"elementor-widget-container\">\n\t\t\t\t\t\t\t<div class=\"elementor-posts-container elementor-posts elementor-posts--skin-cards elementor-grid\" role=\"list\">\n\t\t\t\t<article class=\"elementor-post elementor-grid-item post-3463 post type-post status-publish format-standard has-post-thumbnail hentry category-non-categorise\" role=\"listitem\">\n\t\t\t<div class=\"elementor-post__card\">\n\t\t\t\t<a class=\"elementor-post__thumbnail__link\" href=\"https:\/\/www.hadronlink.com\/fr\/a-propos-de-nous\/\" tabindex=\"-1\" ><div class=\"elementor-post__thumbnail\"><img fetchpriority=\"high\" decoding=\"async\" width=\"296\" height=\"300\" src=\"https:\/\/www.hadronlink.com\/wp-content\/uploads\/hadron-296x300.png\" class=\"attachment-medium size-medium wp-image-3239\" alt=\"\" srcset=\"https:\/\/www.hadronlink.com\/wp-content\/uploads\/hadron-296x300.png 296w, https:\/\/www.hadronlink.com\/wp-content\/uploads\/hadron-768x778.png 768w, https:\/\/www.hadronlink.com\/wp-content\/uploads\/hadron.png 771w\" sizes=\"(max-width: 296px) 100vw, 296px\" \/><\/div><\/a>\n\t\t\t\t<div class=\"elementor-post__text\">\n\t\t\t\t<h3 class=\"elementor-post__title\">\n\t\t\t<a href=\"https:\/\/www.hadronlink.com\/fr\/a-propos-de-nous\/\" >\n\t\t\t\t\u00c0 propos de nous\t\t\t<\/a>\n\t\t<\/h3>\n\t\t\t\t<div class=\"elementor-post__excerpt\">\n\t\t\t<p>Hadronlink a \u00e9t\u00e9 constitu\u00e9e en Ontario, au Canada, l&rsquo;une des r\u00e9gions de d\u00e9veloppement technologique les plus importantes au monde, l&rsquo;endroit id\u00e9al pour constituer une \u00e9quipe<\/p>\n\t\t<\/div>\n\t\t\t\t<\/div>\n\t\t\t\t<div class=\"elementor-post__meta-data\">\n\t\t\t\t\t<span class=\"elementor-post-date\">\n\t\t\t18 d\u00e9cembre 2022\t\t<\/span>\n\t\t\t\t<\/div>\n\t\t\t\t\t<\/div>\n\t\t<\/article>\n\t\t\t\t<\/div>\n\t\t\n\t\t\t\t\t\t<\/div>\n\t\t\t\t<\/div>\n\t\t\t\t\t<\/div>\n\t\t<\/div>\n\t\t\t\t\t<\/div>\n\t\t<\/section>\n\t\t\t\t<\/div>\n\t\t","protected":false},"excerpt":{"rendered":"<p>Blog Hadronlink<\/p>\n","protected":false},"author":2,"featured_media":0,"parent":0,"menu_order":0,"comment_status":"closed","ping_status":"closed","template":"","meta":{"inline_featured_image":false,"footnotes":""},"class_list":["post-3285","page","type-page","status-publish","hentry"],"yoast_head":"<!-- This site is optimized with the Yoast SEO plugin v26.3 - https:\/\/yoast.com\/wordpress\/plugins\/seo\/ -->\n<title>Blog - Hadronlink<\/title>\n<meta name=\"robots\" content=\"index, follow, max-snippet:-1, max-image-preview:large, max-video-preview:-1\" \/>\n<link rel=\"canonical\" href=\"https:\/\/www.hadronlink.com\/fr\/blog\/\" \/>\n<meta property=\"og:locale\" content=\"fr_FR\" \/>\n<meta property=\"og:type\" content=\"article\" \/>\n<meta property=\"og:title\" content=\"Blog - Hadronlink\" \/>\n<meta property=\"og:description\" content=\"Blog Hadronlink\" \/>\n<meta property=\"og:url\" content=\"https:\/\/www.hadronlink.com\/fr\/blog\/\" \/>\n<meta property=\"og:site_name\" content=\"Hadronlink\" \/>\n<meta property=\"article:modified_time\" content=\"2025-10-19T17:05:56+00:00\" \/>\n<meta name=\"twitter:card\" content=\"summary_large_image\" \/>\n<script type=\"application\/ld+json\" class=\"yoast-schema-graph\">{\"@context\":\"https:\/\/schema.org\",\"@graph\":[{\"@type\":\"WebPage\",\"@id\":\"https:\/\/www.hadronlink.com\/fr\/blog\/\",\"url\":\"https:\/\/www.hadronlink.com\/fr\/blog\/\",\"name\":\"Blog - Hadronlink\",\"isPartOf\":{\"@id\":\"https:\/\/www.hadronlink.com.br\/#website\"},\"datePublished\":\"2022-10-01T22:47:09+00:00\",\"dateModified\":\"2025-10-19T17:05:56+00:00\",\"breadcrumb\":{\"@id\":\"https:\/\/www.hadronlink.com\/fr\/blog\/#breadcrumb\"},\"inLanguage\":\"fr-FR\",\"potentialAction\":[{\"@type\":\"ReadAction\",\"target\":[\"https:\/\/www.hadronlink.com\/fr\/blog\/\"]}]},{\"@type\":\"BreadcrumbList\",\"@id\":\"https:\/\/www.hadronlink.com\/fr\/blog\/#breadcrumb\",\"itemListElement\":[{\"@type\":\"ListItem\",\"position\":1,\"name\":\"Home\",\"item\":\"https:\/\/www.hadronlink.com\/fr\/\"},{\"@type\":\"ListItem\",\"position\":2,\"name\":\"Blog\"}]},{\"@type\":\"WebSite\",\"@id\":\"https:\/\/www.hadronlink.com.br\/#website\",\"url\":\"https:\/\/www.hadronlink.com.br\/\",\"name\":\"Hadronlink\",\"description\":\"The professional network of the tradespeople\",\"publisher\":{\"@id\":\"https:\/\/www.hadronlink.com.br\/#organization\"},\"potentialAction\":[{\"@type\":\"SearchAction\",\"target\":{\"@type\":\"EntryPoint\",\"urlTemplate\":\"https:\/\/www.hadronlink.com.br\/?s={search_term_string}\"},\"query-input\":{\"@type\":\"PropertyValueSpecification\",\"valueRequired\":true,\"valueName\":\"search_term_string\"}}],\"inLanguage\":\"fr-FR\"},{\"@type\":\"Organization\",\"@id\":\"https:\/\/www.hadronlink.com.br\/#organization\",\"name\":\"Hadronlink\",\"url\":\"https:\/\/www.hadronlink.com.br\/\",\"logo\":{\"@type\":\"ImageObject\",\"inLanguage\":\"fr-FR\",\"@id\":\"https:\/\/www.hadronlink.com.br\/#\/schema\/logo\/image\/\",\"url\":\"https:\/\/www.hadronlink.com\/wp-content\/uploads\/Logo_connectus2.svg\",\"contentUrl\":\"https:\/\/www.hadronlink.com\/wp-content\/uploads\/Logo_connectus2.svg\",\"width\":307,\"height\":69,\"caption\":\"Hadronlink\"},\"image\":{\"@id\":\"https:\/\/www.hadronlink.com.br\/#\/schema\/logo\/image\/\"}}]}<\/script>\n<!-- \/ Yoast SEO plugin. -->","yoast_head_json":{"title":"Blog - Hadronlink","robots":{"index":"index","follow":"follow","max-snippet":"max-snippet:-1","max-image-preview":"max-image-preview:large","max-video-preview":"max-video-preview:-1"},"canonical":"https:\/\/www.hadronlink.com\/fr\/blog\/","og_locale":"fr_FR","og_type":"article","og_title":"Blog - Hadronlink","og_description":"Blog Hadronlink","og_url":"https:\/\/www.hadronlink.com\/fr\/blog\/","og_site_name":"Hadronlink","article_modified_time":"2025-10-19T17:05:56+00:00","twitter_card":"summary_large_image","schema":{"@context":"https:\/\/schema.org","@graph":[{"@type":"WebPage","@id":"https:\/\/www.hadronlink.com\/fr\/blog\/","url":"https:\/\/www.hadronlink.com\/fr\/blog\/","name":"Blog - Hadronlink","isPartOf":{"@id":"https:\/\/www.hadronlink.com.br\/#website"},"datePublished":"2022-10-01T22:47:09+00:00","dateModified":"2025-10-19T17:05:56+00:00","breadcrumb":{"@id":"https:\/\/www.hadronlink.com\/fr\/blog\/#breadcrumb"},"inLanguage":"fr-FR","potentialAction":[{"@type":"ReadAction","target":["https:\/\/www.hadronlink.com\/fr\/blog\/"]}]},{"@type":"BreadcrumbList","@id":"https:\/\/www.hadronlink.com\/fr\/blog\/#breadcrumb","itemListElement":[{"@type":"ListItem","position":1,"name":"Home","item":"https:\/\/www.hadronlink.com\/fr\/"},{"@type":"ListItem","position":2,"name":"Blog"}]},{"@type":"WebSite","@id":"https:\/\/www.hadronlink.com.br\/#website","url":"https:\/\/www.hadronlink.com.br\/","name":"Hadronlink","description":"The professional network of the tradespeople","publisher":{"@id":"https:\/\/www.hadronlink.com.br\/#organization"},"potentialAction":[{"@type":"SearchAction","target":{"@type":"EntryPoint","urlTemplate":"https:\/\/www.hadronlink.com.br\/?s={search_term_string}"},"query-input":{"@type":"PropertyValueSpecification","valueRequired":true,"valueName":"search_term_string"}}],"inLanguage":"fr-FR"},{"@type":"Organization","@id":"https:\/\/www.hadronlink.com.br\/#organization","name":"Hadronlink","url":"https:\/\/www.hadronlink.com.br\/","logo":{"@type":"ImageObject","inLanguage":"fr-FR","@id":"https:\/\/www.hadronlink.com.br\/#\/schema\/logo\/image\/","url":"https:\/\/www.hadronlink.com\/wp-content\/uploads\/Logo_connectus2.svg","contentUrl":"https:\/\/www.hadronlink.com\/wp-content\/uploads\/Logo_connectus2.svg","width":307,"height":69,"caption":"Hadronlink"},"image":{"@id":"https:\/\/www.hadronlink.com.br\/#\/schema\/logo\/image\/"}}]}},"_links":{"self":[{"href":"https:\/\/www.hadronlink.com\/fr\/wp-json\/wp\/v2\/pages\/3285","targetHints":{"allow":["GET"]}}],"collection":[{"href":"https:\/\/www.hadronlink.com\/fr\/wp-json\/wp\/v2\/pages"}],"about":[{"href":"https:\/\/www.hadronlink.com\/fr\/wp-json\/wp\/v2\/types\/page"}],"author":[{"embeddable":true,"href":"https:\/\/www.hadronlink.com\/fr\/wp-json\/wp\/v2\/users\/2"}],"replies":[{"embeddable":true,"href":"https:\/\/www.hadronlink.com\/fr\/wp-json\/wp\/v2\/comments?post=3285"}],"version-history":[{"count":1,"href":"https:\/\/www.hadronlink.com\/fr\/wp-json\/wp\/v2\/pages\/3285\/revisions"}],"predecessor-version":[{"id":3290,"href":"https:\/\/www.hadronlink.com\/fr\/wp-json\/wp\/v2\/pages\/3285\/revisions\/3290"}],"wp:attachment":[{"href":"https:\/\/www.hadronlink.com\/fr\/wp-json\/wp\/v2\/media?parent=3285"}],"curies":[{"name":"wp","href":"https:\/\/api.w.org\/{rel}","templated":true}]}}